{"id":21194,"date":"2023-09-28T12:28:59","date_gmt":"2023-09-28T12:28:59","guid":{"rendered":"https:\/\/sierra.keydesign.xyz\/crm\/?page_id=21194"},"modified":"2025-02-10T10:00:49","modified_gmt":"2025-02-10T10:00:49","slug":"kushtet-dhe-termat","status":"publish","type":"page","link":"https:\/\/line-desk.com\/en\/kushtet-dhe-termat\/","title":{"rendered":"Kushtet dhe Termat e P\u00ebrdorimit t\u00eb Faqes s\u00eb Internetit"},"content":{"rendered":"<div data-elementor-type=\"wp-page\" data-elementor-id=\"21194\" class=\"elementor elementor-21194\">\n\t\t\t\t<div class=\"elementor-element elementor-element-b62330e e-flex e-con-boxed e-con e-parent\" data-id=\"b62330e\" data-element_type=\"container\" data-settings=\"{&quot;background_background&quot;:&quot;classic&quot;}\">\n\t\t\t\t\t<div class=\"e-con-inner\">\n\t\t<div class=\"elementor-element elementor-element-a4ec2f3 e-con-full e-flex e-con e-child\" data-id=\"a4ec2f3\" data-element_type=\"container\">\n\t\t\t\t<div class=\"elementor-element elementor-element-740f14c animated-fast elementor-invisible elementor-widget elementor-widget-elementskit-heading\" data-id=\"740f14c\" data-element_type=\"widget\" data-settings=\"{&quot;ekit_we_effect_on&quot;:&quot;css&quot;,&quot;_animation&quot;:&quot;fadeIn&quot;,&quot;_animation_delay&quot;:100}\" data-widget_type=\"elementskit-heading.default\">\n\t\t\t\t<div class=\"elementor-widget-container\">\n\t\t\t\t\t<div class=\"ekit-wid-con\" ><div class=\"ekit-heading elementskit-section-title-wraper text_left   ekit_heading_tablet-   ekit_heading_mobile-\"><h1 class=\"ekit-heading--title elementskit-section-title\">Terms &amp; Conditions<\/h1>\t\t\t\t<div class='ekit-heading__description'>\n\t\t\t\t\t<p><strong>P\u00ebrdit\u00ebsuar p\u00ebr her\u00eb t\u00eb fundit:<\/strong> Dhjetor 05, 2024<\/p>\n\t\t\t\t<\/div>\n\t\t\t<\/div><\/div>\t\t\t\t<\/div>\n\t\t\t\t<\/div>\n\t\t\t\t<\/div>\n\t\t\t\t\t<\/div>\n\t\t\t\t<\/div>\n\t\t<div class=\"elementor-element elementor-element-1ce56c6 e-flex e-con-boxed e-con e-parent\" data-id=\"1ce56c6\" data-element_type=\"container\" data-settings=\"{&quot;animation&quot;:&quot;none&quot;}\">\n\t\t\t\t\t<div class=\"e-con-inner\">\n\t\t<div class=\"elementor-element elementor-element-9b1569b e-con-full elementor-hidden-tablet elementor-hidden-mobile e-flex e-con e-child\" data-id=\"9b1569b\" data-element_type=\"container\">\n\t\t<div class=\"elementor-element elementor-element-8cea221 e-con-full ekit-sticky--top e-flex e-con e-child\" data-id=\"8cea221\" data-element_type=\"container\" data-settings=\"{&quot;ekit_sticky&quot;:&quot;top&quot;,&quot;ekit_sticky_offset&quot;:{&quot;unit&quot;:&quot;px&quot;,&quot;size&quot;:175,&quot;sizes&quot;:[]},&quot;ekit_sticky_until&quot;:&quot;section5&quot;,&quot;ekit_sticky_offset_tablet&quot;:{&quot;unit&quot;:&quot;px&quot;,&quot;size&quot;:&quot;&quot;,&quot;sizes&quot;:[]},&quot;ekit_sticky_offset_mobile&quot;:{&quot;unit&quot;:&quot;px&quot;,&quot;size&quot;:&quot;&quot;,&quot;sizes&quot;:[]},&quot;ekit_sticky_on_desktop&quot;:&quot;desktop&quot;,&quot;ekit_sticky_effect_offset&quot;:{&quot;unit&quot;:&quot;px&quot;,&quot;size&quot;:0,&quot;sizes&quot;:[]},&quot;ekit_sticky_effect_offset_tablet&quot;:{&quot;unit&quot;:&quot;px&quot;,&quot;size&quot;:&quot;&quot;,&quot;sizes&quot;:[]},&quot;ekit_sticky_effect_offset_mobile&quot;:{&quot;unit&quot;:&quot;px&quot;,&quot;size&quot;:&quot;&quot;,&quot;sizes&quot;:[]}}\">\n\t\t\t\t<div class=\"elementor-element elementor-element-f3b891c sticky-navigation animated-fast elementor-hidden-tablet elementor-hidden-mobile elementor-invisible elementor-widget elementor-widget-elementskit-stylish-list\" data-id=\"f3b891c\" data-element_type=\"widget\" data-settings=\"{&quot;_animation&quot;:&quot;fadeIn&quot;,&quot;ekit_we_effect_on&quot;:&quot;none&quot;}\" data-widget_type=\"elementskit-stylish-list.default\">\n\t\t\t\t<div class=\"elementor-widget-container\">\n\t\t\t\t\t<div class=\"ekit-wid-con\">\t\t<ul class=\"ekit-stylish-list\" >\n\t\t\t\t\t\t\t<li class=\"ekit-stylish-list-content-wrapper elementor-repeater-item-dbd1c0d\" >\n\t\t\t\t\t\t\t\t\t\t\t<a class=\"ekit-wrapper-link\" href=\"#section1\"><\/a>\n\t\t\t\t\t\t\t\t\t\t<div class=\"ekit-stylish-list-content\">\n\t\t\t\t\t\t\t\t\t\t\t\t\t\t\t\t\t\t\t\t\t\t\t\t<div class=\"ekit-stylish-list-content-text\">\n\t\t\t\t\t\t\t<span class=\"ekit-stylish-list-content-title\">Sh\u00ebrbimet Tona<\/span>\n\t\t\t\t\t\t\t\t\t\t\t\t\t<\/div>\n\t\t\t\t\t\t\t\t\t\t\t<\/div>\n\t\t\t\t\t\n\t\t\t\t<\/li>\n\t\t\t\t\t\t\t\t\t\t\t<li class=\"ekit-stylish-list-content-wrapper elementor-repeater-item-54477fc\" >\n\t\t\t\t\t\t\t\t\t\t\t<a class=\"ekit-wrapper-link\" href=\"#section2\"><\/a>\n\t\t\t\t\t\t\t\t\t\t<div class=\"ekit-stylish-list-content\">\n\t\t\t\t\t\t\t\t\t\t\t\t\t\t\t\t\t\t\t\t\t\t\t\t<div class=\"ekit-stylish-list-content-text\">\n\t\t\t\t\t\t\t<span class=\"ekit-stylish-list-content-title\">T\u00eb Drejtat e Pron\u00ebs<\/span>\n\t\t\t\t\t\t\t\t\t\t\t\t\t<\/div>\n\t\t\t\t\t\t\t\t\t\t\t<\/div>\n\t\t\t\t\t\n\t\t\t\t<\/li>\n\t\t\t\t\t\t\t\t\t\t\t<li class=\"ekit-stylish-list-content-wrapper elementor-repeater-item-f32fb77\" >\n\t\t\t\t\t\t\t\t\t\t\t<a class=\"ekit-wrapper-link\" href=\"#section3\"><\/a>\n\t\t\t\t\t\t\t\t\t\t<div class=\"ekit-stylish-list-content\">\n\t\t\t\t\t\t\t\t\t\t\t\t\t\t\t\t\t\t\t\t\t\t\t\t<div class=\"ekit-stylish-list-content-text\">\n\t\t\t\t\t\t\t<span class=\"ekit-stylish-list-content-title\">Aktivitetet e Ndaluara<\/span>\n\t\t\t\t\t\t\t\t\t\t\t\t\t<\/div>\n\t\t\t\t\t\t\t\t\t\t\t<\/div>\n\t\t\t\t\t\n\t\t\t\t<\/li>\n\t\t\t\t\t\t\t\t\t\t\t<li class=\"ekit-stylish-list-content-wrapper elementor-repeater-item-a8fe059\" >\n\t\t\t\t\t\t\t\t\t\t\t<a class=\"ekit-wrapper-link\" href=\"#section4\"><\/a>\n\t\t\t\t\t\t\t\t\t\t<div class=\"ekit-stylish-list-content\">\n\t\t\t\t\t\t\t\t\t\t\t\t\t\t\t\t\t\t\t\t\t\t\t\t<div class=\"ekit-stylish-list-content-text\">\n\t\t\t\t\t\t\t<span class=\"ekit-stylish-list-content-title\">Menaxhimi i Sh\u00ebrbimeve<\/span>\n\t\t\t\t\t\t\t\t\t\t\t\t\t<\/div>\n\t\t\t\t\t\t\t\t\t\t\t<\/div>\n\t\t\t\t\t\n\t\t\t\t<\/li>\n\t\t\t\t\t\t\t\t\t\t\t<li class=\"ekit-stylish-list-content-wrapper elementor-repeater-item-d0b391d\" >\n\t\t\t\t\t\t\t\t\t\t\t<a class=\"ekit-wrapper-link\" href=\"#section5\"><\/a>\n\t\t\t\t\t\t\t\t\t\t<div class=\"ekit-stylish-list-content\">\n\t\t\t\t\t\t\t\t\t\t\t\t\t\t\t\t\t\t\t\t\t\t\t\t<div class=\"ekit-stylish-list-content-text\">\n\t\t\t\t\t\t\t<span class=\"ekit-stylish-list-content-title\">Informacion Kontakti<\/span>\n\t\t\t\t\t\t\t\t\t\t\t\t\t<\/div>\n\t\t\t\t\t\t\t\t\t\t\t<\/div>\n\t\t\t\t\t\n\t\t\t\t<\/li>\n\t\t\t\t\t\t\t\t\t<\/ul>\n\t<\/div>\t\t\t\t<\/div>\n\t\t\t\t<\/div>\n\t\t\t\t<\/div>\n\t\t\t\t<\/div>\n\t\t<div class=\"elementor-element elementor-element-f046f91 e-con-full e-flex e-con e-child\" data-id=\"f046f91\" data-element_type=\"container\">\n\t\t<div class=\"elementor-element elementor-element-dd04d7b e-con-full sticky-section e-flex e-con e-child\" data-id=\"dd04d7b\" data-element_type=\"container\" id=\"section1\">\n\t\t<div class=\"elementor-element elementor-element-02ec645 e-con-full e-flex e-con e-child\" data-id=\"02ec645\" data-element_type=\"container\">\n\t\t\t\t<div class=\"elementor-element elementor-element-3fec37c animated-fast elementor-invisible elementor-widget elementor-widget-elementskit-heading\" data-id=\"3fec37c\" data-element_type=\"widget\" data-settings=\"{&quot;_animation&quot;:&quot;fadeIn&quot;,&quot;_animation_delay&quot;:100,&quot;ekit_we_effect_on&quot;:&quot;none&quot;}\" data-widget_type=\"elementskit-heading.default\">\n\t\t\t\t<div class=\"elementor-widget-container\">\n\t\t\t\t\t<div class=\"ekit-wid-con\" ><div class=\"ekit-heading elementskit-section-title-wraper text_left   ekit_heading_tablet-   ekit_heading_mobile-\"><h3 class=\"ekit-heading--title elementskit-section-title\">Sh\u00ebrbimet Tona<\/h3><\/div><\/div>\t\t\t\t<\/div>\n\t\t\t\t<\/div>\n\t\t\t\t<\/div>\n\t\t<div class=\"elementor-element elementor-element-060d787 e-con-full e-flex e-con e-child\" data-id=\"060d787\" data-element_type=\"container\">\n\t\t\t\t<div class=\"elementor-element elementor-element-a247b33 animated-fast elementor-invisible elementor-widget elementor-widget-text-editor\" data-id=\"a247b33\" data-element_type=\"widget\" data-settings=\"{&quot;_animation&quot;:&quot;fadeIn&quot;,&quot;_animation_delay&quot;:100,&quot;ekit_we_effect_on&quot;:&quot;none&quot;}\" data-widget_type=\"text-editor.default\">\n\t\t\t\t<div class=\"elementor-widget-container\">\n\t\t\t\t\t\t\t\t\t<p><strong>Pranimi i Kushteve:<\/strong><br \/>K\u00ebto Kushte dhe Terma (\u201cKushtet\u201d) rregullojn\u00eb p\u00ebrdorimin e platform\u00ebs LineDesk dhe sh\u00ebrbimeve t\u00eb lidhura (\u201cSh\u00ebrbimet\u201d) t\u00eb ofruara nga LineDesk. Duke hyr\u00eb ose p\u00ebrdorur sh\u00ebrbimet tona, ju pranoni t\u2019i respektoni dhe t\u00eb jeni t\u00eb lidhur me k\u00ebto Kushte.<\/p><p><strong>Licenca:<\/strong><br \/>LineDesk ju ofron nj\u00eb licenc\u00eb jo-ekskluzive, t\u00eb patransferueshme p\u00ebr t\u00eb p\u00ebrdorur platform\u00ebn p\u00ebr menaxhimin e detyrave dhe \u00e7\u00ebshtjeve operacionale brenda organizat\u00ebs tuaj, duke respektuar kufizimet e p\u00ebrcaktuara n\u00eb k\u00ebto Kushte.<\/p><p><strong>P\u00ebrdit\u00ebsimet:<\/strong><br \/>P\u00ebrdoruesit kan\u00eb t\u00eb drejt\u00ebn t\u00eb marrin p\u00ebrdit\u00ebsime dhe mb\u00ebshtetje p\u00ebr platform\u00ebn sipas planeve t\u00eb tyre t\u00eb abonimit. P\u00ebr vazhdim\u00ebsin\u00eb e aksesit n\u00eb p\u00ebrdit\u00ebsime, k\u00ebrkohet nj\u00eb abonim aktiv.<\/p>\t\t\t\t\t\t\t\t<\/div>\n\t\t\t\t<\/div>\n\t\t\t\t<\/div>\n\t\t\t\t<\/div>\n\t\t<div class=\"elementor-element elementor-element-2b54291 e-con-full sticky-section e-flex e-con e-child\" data-id=\"2b54291\" data-element_type=\"container\" id=\"section2\">\n\t\t<div class=\"elementor-element elementor-element-15eb213 e-con-full e-flex e-con e-child\" data-id=\"15eb213\" data-element_type=\"container\">\n\t\t\t\t<div class=\"elementor-element elementor-element-d485a3d elementor-widget elementor-widget-spacer\" data-id=\"d485a3d\" data-element_type=\"widget\" data-settings=\"{&quot;ekit_we_effect_on&quot;:&quot;none&quot;}\" data-widget_type=\"spacer.default\">\n\t\t\t\t<div class=\"elementor-widget-container\">\n\t\t\t\t\t\t\t<div class=\"elementor-spacer\">\n\t\t\t<div class=\"elementor-spacer-inner\"><\/div>\n\t\t<\/div>\n\t\t\t\t\t\t<\/div>\n\t\t\t\t<\/div>\n\t\t\t\t<div class=\"elementor-element elementor-element-ac2306d animated-fast elementor-invisible elementor-widget elementor-widget-elementskit-heading\" data-id=\"ac2306d\" data-element_type=\"widget\" data-settings=\"{&quot;_animation&quot;:&quot;fadeIn&quot;,&quot;_animation_delay&quot;:100,&quot;ekit_we_effect_on&quot;:&quot;none&quot;}\" data-widget_type=\"elementskit-heading.default\">\n\t\t\t\t<div class=\"elementor-widget-container\">\n\t\t\t\t\t<div class=\"ekit-wid-con\" ><div class=\"ekit-heading elementskit-section-title-wraper text_left   ekit_heading_tablet-   ekit_heading_mobile-\"><h3 class=\"ekit-heading--title elementskit-section-title\">T\u00eb Drejtat e Pron\u00ebs<\/h3><\/div><\/div>\t\t\t\t<\/div>\n\t\t\t\t<\/div>\n\t\t\t\t<\/div>\n\t\t<div class=\"elementor-element elementor-element-7502f41 e-con-full e-flex e-con e-child\" data-id=\"7502f41\" data-element_type=\"container\">\n\t\t\t\t<div class=\"elementor-element elementor-element-d97cda0 animated-fast elementor-invisible elementor-widget elementor-widget-text-editor\" data-id=\"d97cda0\" data-element_type=\"widget\" data-settings=\"{&quot;_animation&quot;:&quot;fadeIn&quot;,&quot;_animation_delay&quot;:100,&quot;ekit_we_effect_on&quot;:&quot;none&quot;}\" data-widget_type=\"text-editor.default\">\n\t\t\t\t<div class=\"elementor-widget-container\">\n\t\t\t\t\t\t\t\t\t<p><strong>Pron\u00ebsia:<\/strong><br \/>T\u00eb gjitha materialet, duke p\u00ebrfshir\u00eb, por pa u kufizuar n\u00eb softuer\u00eb, dizajne, raporte dhe mjete analitike t\u00eb ofruara nga LineDesk, mbrohen nga ligjet p\u00ebr t\u00eb drejt\u00ebn e autorit dhe pron\u00ebsin\u00eb intelektuale. Ju nuk mund t\u00eb kopjoni, shp\u00ebrndani ose modifikoni asnj\u00eb pjes\u00eb t\u00eb platform\u00ebs ose materialeve pa lejen e shkruar.<\/p><p><strong>\u00c7mimet dhe Pagesat:<\/strong><\/p><ul><li><strong>\u00c7mimet:<\/strong> \u00c7mimet e abonimeve dhe sh\u00ebrbimeve mund t\u00eb ndryshojn\u00eb pa njoftim paraprak. LineDesk rezervon t\u00eb drejt\u00ebn p\u00ebr t\u00eb ndryshuar ose nd\u00ebrprer\u00eb sh\u00ebrbimet pa p\u00ebrgjegj\u00ebsi.<\/li><li><strong>Pagesat:<\/strong> T\u00eb gjitha pagesat p\u00ebrpunohen n\u00eb m\u00ebnyr\u00eb t\u00eb sigurt p\u00ebrmes procesor\u00ebve t\u00eb pagesave t\u00eb pal\u00ebve t\u00eb treta. P\u00ebrdoruesit duhet t\u00eb ofrojn\u00eb informacion t\u00eb sakt\u00eb dhe t\u00eb plot\u00eb t\u00eb pages\u00ebs dhe t\u00eb autorizojn\u00eb tarifat p\u00ebr kushtet e r\u00ebna dakord.<\/li><\/ul>\t\t\t\t\t\t\t\t<\/div>\n\t\t\t\t<\/div>\n\t\t\t\t<\/div>\n\t\t\t\t<\/div>\n\t\t<div class=\"elementor-element elementor-element-c792ced e-con-full sticky-section e-flex e-con e-child\" data-id=\"c792ced\" data-element_type=\"container\" id=\"section3\">\n\t\t<div class=\"elementor-element elementor-element-4ed214a e-con-full e-flex e-con e-child\" data-id=\"4ed214a\" data-element_type=\"container\">\n\t\t\t\t<div class=\"elementor-element elementor-element-d06594b elementor-widget elementor-widget-spacer\" data-id=\"d06594b\" data-element_type=\"widget\" data-settings=\"{&quot;ekit_we_effect_on&quot;:&quot;none&quot;}\" data-widget_type=\"spacer.default\">\n\t\t\t\t<div class=\"elementor-widget-container\">\n\t\t\t\t\t\t\t<div class=\"elementor-spacer\">\n\t\t\t<div class=\"elementor-spacer-inner\"><\/div>\n\t\t<\/div>\n\t\t\t\t\t\t<\/div>\n\t\t\t\t<\/div>\n\t\t\t\t<div class=\"elementor-element elementor-element-711e27d animated-fast elementor-invisible elementor-widget elementor-widget-elementskit-heading\" data-id=\"711e27d\" data-element_type=\"widget\" data-settings=\"{&quot;_animation&quot;:&quot;fadeIn&quot;,&quot;_animation_delay&quot;:100,&quot;ekit_we_effect_on&quot;:&quot;none&quot;}\" data-widget_type=\"elementskit-heading.default\">\n\t\t\t\t<div class=\"elementor-widget-container\">\n\t\t\t\t\t<div class=\"ekit-wid-con\" ><div class=\"ekit-heading elementskit-section-title-wraper text_left   ekit_heading_tablet-   ekit_heading_mobile-\"><h3 class=\"ekit-heading--title elementskit-section-title\">Aktivitetet e Ndaluara<\/h3><\/div><\/div>\t\t\t\t<\/div>\n\t\t\t\t<\/div>\n\t\t\t\t<\/div>\n\t\t<div class=\"elementor-element elementor-element-c56bb6c e-con-full e-flex e-con e-child\" data-id=\"c56bb6c\" data-element_type=\"container\">\n\t\t\t\t<div class=\"elementor-element elementor-element-1c1ac75 animated-fast elementor-invisible elementor-widget elementor-widget-text-editor\" data-id=\"1c1ac75\" data-element_type=\"widget\" data-settings=\"{&quot;_animation&quot;:&quot;fadeIn&quot;,&quot;_animation_delay&quot;:100,&quot;ekit_we_effect_on&quot;:&quot;none&quot;}\" data-widget_type=\"text-editor.default\">\n\t\t\t\t<div class=\"elementor-widget-container\">\n\t\t\t\t\t\t\t\t\t<p><strong>P\u00ebrdorimi i Paautorizuar:<\/strong><br \/>Ju nuk mund t\u00eb p\u00ebrdorni platform\u00ebn LineDesk p\u00ebr q\u00ebllime t\u00eb paligjshme ose t\u00eb ndaluara, si shp\u00ebrndarja e malware-ve, qasja e paautorizuar n\u00eb t\u00eb dh\u00ebna ose shkelja e ligjeve n\u00eb fuqi.<\/p><p><strong>Reversimi i Kodit:<\/strong><br \/>P\u00ebrdoruesit ndalohen t\u00eb dekompilojn\u00eb, analizojn\u00eb apo t\u00eb p\u00ebrpiqen t\u00eb zbulojn\u00eb kodin burimor t\u00eb ndonj\u00eb softueri ose mjeti t\u00eb LineDesk.<\/p>\t\t\t\t\t\t\t\t<\/div>\n\t\t\t\t<\/div>\n\t\t\t\t<\/div>\n\t\t\t\t<\/div>\n\t\t<div class=\"elementor-element elementor-element-755b155 e-con-full sticky-section e-flex e-con e-child\" data-id=\"755b155\" data-element_type=\"container\" id=\"section4\">\n\t\t<div class=\"elementor-element elementor-element-da39ed6 e-con-full e-flex e-con e-child\" data-id=\"da39ed6\" data-element_type=\"container\">\n\t\t\t\t<div class=\"elementor-element elementor-element-5c79ffe elementor-widget elementor-widget-spacer\" data-id=\"5c79ffe\" data-element_type=\"widget\" data-settings=\"{&quot;ekit_we_effect_on&quot;:&quot;none&quot;}\" data-widget_type=\"spacer.default\">\n\t\t\t\t<div class=\"elementor-widget-container\">\n\t\t\t\t\t\t\t<div class=\"elementor-spacer\">\n\t\t\t<div class=\"elementor-spacer-inner\"><\/div>\n\t\t<\/div>\n\t\t\t\t\t\t<\/div>\n\t\t\t\t<\/div>\n\t\t\t\t<div class=\"elementor-element elementor-element-9b93183 animated-fast elementor-invisible elementor-widget elementor-widget-elementskit-heading\" data-id=\"9b93183\" data-element_type=\"widget\" data-settings=\"{&quot;_animation&quot;:&quot;fadeIn&quot;,&quot;_animation_delay&quot;:100,&quot;ekit_we_effect_on&quot;:&quot;none&quot;}\" data-widget_type=\"elementskit-heading.default\">\n\t\t\t\t<div class=\"elementor-widget-container\">\n\t\t\t\t\t<div class=\"ekit-wid-con\" ><div class=\"ekit-heading elementskit-section-title-wraper text_left   ekit_heading_tablet-   ekit_heading_mobile-\"><h3 class=\"ekit-heading--title elementskit-section-title\">Menaxhimi i Sh\u00ebrbimeve<\/h3><\/div><\/div>\t\t\t\t<\/div>\n\t\t\t\t<\/div>\n\t\t\t\t<\/div>\n\t\t<div class=\"elementor-element elementor-element-6c1b3d5 e-con-full e-flex e-con e-child\" data-id=\"6c1b3d5\" data-element_type=\"container\">\n\t\t\t\t<div class=\"elementor-element elementor-element-7c0f251 animated-fast elementor-invisible elementor-widget elementor-widget-text-editor\" data-id=\"7c0f251\" data-element_type=\"widget\" data-settings=\"{&quot;_animation&quot;:&quot;fadeIn&quot;,&quot;_animation_delay&quot;:100,&quot;ekit_we_effect_on&quot;:&quot;none&quot;}\" data-widget_type=\"text-editor.default\">\n\t\t\t\t<div class=\"elementor-widget-container\">\n\t\t\t\t\t\t\t\t\t<p><strong>Mb\u00ebshtetja:<\/strong><br \/>LineDesk ofron mb\u00ebshtetje sipas kushteve t\u00eb planit t\u00eb zgjedhur t\u00eb abonimit. P\u00ebrdoruesit mund t\u00eb kontaktojn\u00eb p\u00ebr mb\u00ebshtetje p\u00ebrmes kanaleve t\u00eb dedikuara, p\u00ebrfshir\u00eb <a rel=\"noopener\">contact@line-desk.com<\/a>.<\/p><p><strong>Pezullimi:<\/strong><br \/>LineDesk rezervon t\u00eb drejt\u00ebn t\u00eb pezulloj\u00eb ose nd\u00ebrpres\u00eb sh\u00ebrbimet pa njoftim n\u00eb rastet e shkeljeve t\u00eb k\u00ebtyre Kushteve ose keqp\u00ebrdorimit t\u00eb platform\u00ebs.<\/p><p><strong>Ndryshimet n\u00eb Kushte:<\/strong><br \/>LineDesk mund t\u00eb p\u00ebrdit\u00ebsoj\u00eb k\u00ebto Kushte periodikisht. \u00cbsht\u00eb p\u00ebrgjegj\u00ebsi e p\u00ebrdoruesit q\u00eb t\u2019i rishikoj\u00eb ato. Vazhdueshm\u00ebria n\u00eb p\u00ebrdorimin e platform\u00ebs n\u00ebnkupton pranimin e ndryshimeve t\u00eb b\u00ebra.<\/p>\t\t\t\t\t\t\t\t<\/div>\n\t\t\t\t<\/div>\n\t\t\t\t<\/div>\n\t\t\t\t<\/div>\n\t\t<div class=\"elementor-element elementor-element-a980a37 e-con-full sticky-section e-flex e-con e-child\" data-id=\"a980a37\" data-element_type=\"container\" id=\"section5\">\n\t\t<div class=\"elementor-element elementor-element-d10cd20 e-con-full e-flex e-con e-child\" data-id=\"d10cd20\" data-element_type=\"container\">\n\t\t\t\t<div class=\"elementor-element elementor-element-065058f elementor-widget elementor-widget-spacer\" data-id=\"065058f\" data-element_type=\"widget\" data-settings=\"{&quot;ekit_we_effect_on&quot;:&quot;none&quot;}\" data-widget_type=\"spacer.default\">\n\t\t\t\t<div class=\"elementor-widget-container\">\n\t\t\t\t\t\t\t<div class=\"elementor-spacer\">\n\t\t\t<div class=\"elementor-spacer-inner\"><\/div>\n\t\t<\/div>\n\t\t\t\t\t\t<\/div>\n\t\t\t\t<\/div>\n\t\t\t\t<div class=\"elementor-element elementor-element-24d517e animated-fast elementor-invisible elementor-widget elementor-widget-elementskit-heading\" data-id=\"24d517e\" data-element_type=\"widget\" data-settings=\"{&quot;_animation&quot;:&quot;fadeIn&quot;,&quot;_animation_delay&quot;:100,&quot;ekit_we_effect_on&quot;:&quot;none&quot;}\" data-widget_type=\"elementskit-heading.default\">\n\t\t\t\t<div class=\"elementor-widget-container\">\n\t\t\t\t\t<div class=\"ekit-wid-con\" ><div class=\"ekit-heading elementskit-section-title-wraper text_left   ekit_heading_tablet-   ekit_heading_mobile-\"><h3 class=\"ekit-heading--title elementskit-section-title\">Informacion Kontakti<\/h3><\/div><\/div>\t\t\t\t<\/div>\n\t\t\t\t<\/div>\n\t\t\t\t<\/div>\n\t\t<div class=\"elementor-element elementor-element-f6840ba e-con-full e-flex e-con e-child\" data-id=\"f6840ba\" data-element_type=\"container\">\n\t\t\t\t<div class=\"elementor-element elementor-element-263401e animated-fast elementor-invisible elementor-widget elementor-widget-text-editor\" data-id=\"263401e\" data-element_type=\"widget\" data-settings=\"{&quot;_animation&quot;:&quot;fadeIn&quot;,&quot;_animation_delay&quot;:100,&quot;ekit_we_effect_on&quot;:&quot;none&quot;}\" data-widget_type=\"text-editor.default\">\n\t\t\t\t<div class=\"elementor-widget-container\">\n\t\t\t\t\t\t\t\t\t<p>P\u00ebr \u00e7do pyetje, sugjerim ose shqet\u00ebsim n\u00eb lidhje me k\u00ebto Kushte dhe Terma, ju mund t\u00eb na kontaktoni:<\/p><p><strong>Line Desk<\/strong><br \/>Rr. Ahmet Ka\u00e7iku 1,<br \/>70000 Ferizaj, Republika e Kosov\u00ebs<br \/>+383 (44) 440-222<br \/>hello@line-desk.com<\/p>\t\t\t\t\t\t\t\t<\/div>\n\t\t\t\t<\/div>\n\t\t\t\t<\/div>\n\t\t\t\t<\/div>\n\t\t\t\t<\/div>\n\t\t\t\t\t<\/div>\n\t\t\t\t<\/div>\n\t\t\t\t<\/div>","protected":false},"excerpt":{"rendered":"<p>Kushtet dhe Termat P\u00ebrdit\u00ebsuar p\u00ebr her\u00eb t\u00eb fundit: Dhjetor 05, 2024 Sh\u00ebrbimet Tona T\u00eb Drejtat e Pron\u00ebs Aktivitetet e Ndaluara Menaxhimi i Sh\u00ebrbimeve Informacion Kontakti Sh\u00ebrbimet Tona Pranimi i Kushteve:K\u00ebto Kushte dhe Terma (\u201cKushtet\u201d) rregullojn\u00eb p\u00ebrdorimin e platform\u00ebs LineDesk dhe sh\u00ebrbimeve t\u00eb lidhura (\u201cSh\u00ebrbimet\u201d) t\u00eb ofruara nga LineDesk. Duke hyr\u00eb ose p\u00ebrdorur sh\u00ebrbimet tona, ju [&hellip;]<\/p>","protected":false},"author":1,"featured_media":0,"parent":0,"menu_order":0,"comment_status":"closed","ping_status":"closed","template":"","meta":{"footnotes":""},"class_list":["post-21194","page","type-page","status-publish","hentry"],"_links":{"self":[{"href":"https:\/\/line-desk.com\/en\/wp-json\/wp\/v2\/pages\/21194","targetHints":{"allow":["GET"]}}],"collection":[{"href":"https:\/\/line-desk.com\/en\/wp-json\/wp\/v2\/pages"}],"about":[{"href":"https:\/\/line-desk.com\/en\/wp-json\/wp\/v2\/types\/page"}],"author":[{"embeddable":true,"href":"https:\/\/line-desk.com\/en\/wp-json\/wp\/v2\/users\/1"}],"replies":[{"embeddable":true,"href":"https:\/\/line-desk.com\/en\/wp-json\/wp\/v2\/comments?post=21194"}],"version-history":[{"count":0,"href":"https:\/\/line-desk.com\/en\/wp-json\/wp\/v2\/pages\/21194\/revisions"}],"wp:attachment":[{"href":"https:\/\/line-desk.com\/en\/wp-json\/wp\/v2\/media?parent=21194"}],"curies":[{"name":"wp","href":"https:\/\/api.w.org\/{rel}","templated":true}]}}