{"id":22034,"date":"2024-12-13T15:38:11","date_gmt":"2024-12-13T15:38:11","guid":{"rendered":"http:\/\/linedesk.local\/?page_id=22034"},"modified":"2025-01-29T13:01:33","modified_gmt":"2025-01-29T13:01:33","slug":"meso_linedesk","status":"publish","type":"page","link":"https:\/\/line-desk.com\/en\/meso_linedesk\/","title":{"rendered":"Learn LineDesk"},"content":{"rendered":"<div data-elementor-type=\"wp-page\" data-elementor-id=\"22034\" class=\"elementor elementor-22034\">\n\t\t\t\t<div class=\"elementor-element elementor-element-59cb3ea e-grid e-con-boxed e-con e-parent\" data-id=\"59cb3ea\" data-element_type=\"container\">\n\t\t\t\t\t<div class=\"e-con-inner\">\n\t\t<div class=\"elementor-element elementor-element-2323243 e-con-full e-grid e-con e-child\" data-id=\"2323243\" data-element_type=\"container\" id=\"Paneli_linedesk\">\n\t\t<div class=\"elementor-element elementor-element-21c1e4b e-con-full e-flex e-con e-child\" data-id=\"21c1e4b\" data-element_type=\"container\">\n\t\t\t\t<div class=\"elementor-element elementor-element-751710a elementor-widget elementor-widget-image\" data-id=\"751710a\" data-element_type=\"widget\" data-settings=\"{&quot;ekit_we_effect_on&quot;:&quot;none&quot;}\" data-widget_type=\"image.default\">\n\t\t\t\t<div class=\"elementor-widget-container\">\n\t\t\t\t\t\t\t\t\t\t\t\t\t\t\t<img fetchpriority=\"high\" decoding=\"async\" width=\"1024\" height=\"640\" src=\"https:\/\/line-desk.com\/wp-content\/uploads\/2025\/01\/Home-page-1-1024x640.jpg\" class=\"attachment-large size-large wp-image-22735\" alt=\"\" srcset=\"https:\/\/line-desk.com\/wp-content\/uploads\/2025\/01\/Home-page-1-1024x640.jpg 1024w, https:\/\/line-desk.com\/wp-content\/uploads\/2025\/01\/Home-page-1-300x188.jpg 300w, https:\/\/line-desk.com\/wp-content\/uploads\/2025\/01\/Home-page-1-768x480.jpg 768w, https:\/\/line-desk.com\/wp-content\/uploads\/2025\/01\/Home-page-1-1536x960.jpg 1536w, https:\/\/line-desk.com\/wp-content\/uploads\/2025\/01\/Home-page-1-2048x1280.jpg 2048w, https:\/\/line-desk.com\/wp-content\/uploads\/2025\/01\/Home-page-1-710x444.jpg 710w, https:\/\/line-desk.com\/wp-content\/uploads\/2025\/01\/Home-page-1-600x375.jpg 600w\" sizes=\"(max-width: 1024px) 100vw, 1024px\" \/>\t\t\t\t\t\t\t\t\t\t\t\t\t\t\t<\/div>\n\t\t\t\t<\/div>\n\t\t\t\t<\/div>\n\t\t<div class=\"elementor-element elementor-element-5ef4fcc e-con-full e-flex e-con e-child\" data-id=\"5ef4fcc\" data-element_type=\"container\">\n\t\t<div class=\"elementor-element elementor-element-17dae2e e-con-full e-flex e-con e-child\" data-id=\"17dae2e\" data-element_type=\"container\">\n\t\t\t\t<div class=\"elementor-element elementor-element-4d18287 elementor-widget elementor-widget-heading\" data-id=\"4d18287\" data-element_type=\"widget\" data-settings=\"{&quot;ekit_we_effect_on&quot;:&quot;none&quot;}\" data-widget_type=\"heading.default\">\n\t\t\t\t<div class=\"elementor-widget-container\">\n\t\t\t\t\t<h3 class=\"elementor-heading-title elementor-size-default\">Dashboard<\/h3>\t\t\t\t<\/div>\n\t\t\t\t<\/div>\n\t\t\t\t<\/div>\n\t\t<div class=\"elementor-element elementor-element-797897c e-con-full e-flex e-con e-child\" data-id=\"797897c\" data-element_type=\"container\">\n\t\t\t\t<div class=\"elementor-element elementor-element-ecef26f elementor-widget elementor-widget-text-editor\" data-id=\"ecef26f\" data-element_type=\"widget\" data-settings=\"{&quot;ekit_we_effect_on&quot;:&quot;none&quot;}\" data-widget_type=\"text-editor.default\">\n\t\t\t\t<div class=\"elementor-widget-container\">\n\t\t\t\t\t\t\t\t\t<p><strong>Central panel<\/strong> i <strong>Line Desk<\/strong> provides a complete overview of the status of your tasks and activities. It allows you to monitor tickets, assets, and reports in real-time, improving daily management.<\/p>\t\t\t\t\t\t\t\t<\/div>\n\t\t\t\t<\/div>\n\t\t\t\t<\/div>\n\t\t\t\t<\/div>\n\t\t\t\t<\/div>\n\t\t\t\t\t<\/div>\n\t\t\t\t<\/div>\n\t\t<div class=\"elementor-element elementor-element-a759099 e-grid e-con-boxed e-con e-parent\" data-id=\"a759099\" data-element_type=\"container\">\n\t\t\t\t\t<div class=\"e-con-inner\">\n\t\t<div class=\"elementor-element elementor-element-fcfcf22 e-con-full e-flex e-con e-child\" data-id=\"fcfcf22\" data-element_type=\"container\" id=\"Tiketat_linedesk\">\n\t\t<div class=\"elementor-element elementor-element-83b7d78 e-con-full e-flex e-con e-child\" data-id=\"83b7d78\" data-element_type=\"container\">\n\t\t<div class=\"elementor-element elementor-element-e629738 e-con-full e-flex e-con e-child\" data-id=\"e629738\" data-element_type=\"container\">\n\t\t\t\t<div class=\"elementor-element elementor-element-d863d57 elementor-widget elementor-widget-heading\" data-id=\"d863d57\" data-element_type=\"widget\" data-settings=\"{&quot;ekit_we_effect_on&quot;:&quot;none&quot;}\" data-widget_type=\"heading.default\">\n\t\t\t\t<div class=\"elementor-widget-container\">\n\t\t\t\t\t<h3 class=\"elementor-heading-title elementor-size-default\">Tickets<\/h3>\t\t\t\t<\/div>\n\t\t\t\t<\/div>\n\t\t\t\t<\/div>\n\t\t<div class=\"elementor-element elementor-element-9620db5 e-con-full e-flex e-con e-child\" data-id=\"9620db5\" data-element_type=\"container\">\n\t\t\t\t<div class=\"elementor-element elementor-element-123718b elementor-widget elementor-widget-text-editor\" data-id=\"123718b\" data-element_type=\"widget\" data-settings=\"{&quot;ekit_we_effect_on&quot;:&quot;none&quot;}\" data-widget_type=\"text-editor.default\">\n\t\t\t\t<div class=\"elementor-widget-container\">\n\t\t\t\t\t\t\t\t\t<p><strong>Tickets Module<\/strong> allows you to create, manage, and monitor requests or incidents. Define categories, priorities, and statuses for each ticket, ensuring a fast and efficient resolution.<\/p>\t\t\t\t\t\t\t\t<\/div>\n\t\t\t\t<\/div>\n\t\t\t\t<\/div>\n\t\t\t\t<\/div>\n\t\t\t\t<\/div>\n\t\t<div class=\"elementor-element elementor-element-89eaa2a e-con-full e-flex e-con e-child\" data-id=\"89eaa2a\" data-element_type=\"container\">\n\t\t<div class=\"elementor-element elementor-element-e3f798e e-con-full e-flex e-con e-child\" data-id=\"e3f798e\" data-element_type=\"container\">\n\t\t\t\t<div class=\"elementor-element elementor-element-269ea3e elementor-widget elementor-widget-image\" data-id=\"269ea3e\" data-element_type=\"widget\" data-settings=\"{&quot;ekit_we_effect_on&quot;:&quot;none&quot;}\" data-widget_type=\"image.default\">\n\t\t\t\t<div class=\"elementor-widget-container\">\n\t\t\t\t\t\t\t\t\t\t\t\t\t\t\t<img decoding=\"async\" width=\"1024\" height=\"640\" src=\"https:\/\/line-desk.com\/wp-content\/uploads\/2025\/01\/Tiketat-1-1024x640.jpg\" class=\"attachment-large size-large wp-image-22737\" alt=\"\" srcset=\"https:\/\/line-desk.com\/wp-content\/uploads\/2025\/01\/Tiketat-1-1024x640.jpg 1024w, https:\/\/line-desk.com\/wp-content\/uploads\/2025\/01\/Tiketat-1-300x188.jpg 300w, https:\/\/line-desk.com\/wp-content\/uploads\/2025\/01\/Tiketat-1-768x480.jpg 768w, https:\/\/line-desk.com\/wp-content\/uploads\/2025\/01\/Tiketat-1-1536x960.jpg 1536w, https:\/\/line-desk.com\/wp-content\/uploads\/2025\/01\/Tiketat-1-2048x1280.jpg 2048w, https:\/\/line-desk.com\/wp-content\/uploads\/2025\/01\/Tiketat-1-710x444.jpg 710w, https:\/\/line-desk.com\/wp-content\/uploads\/2025\/01\/Tiketat-1-600x375.jpg 600w\" sizes=\"(max-width: 1024px) 100vw, 1024px\" \/>\t\t\t\t\t\t\t\t\t\t\t\t\t\t\t<\/div>\n\t\t\t\t<\/div>\n\t\t\t\t<\/div>\n\t\t\t\t<\/div>\n\t\t\t\t\t<\/div>\n\t\t\t\t<\/div>\n\t\t<div class=\"elementor-element elementor-element-ffbef84 e-grid e-con-boxed e-con e-parent\" data-id=\"ffbef84\" data-element_type=\"container\">\n\t\t\t\t\t<div class=\"e-con-inner\">\n\t\t<div class=\"elementor-element elementor-element-299dfcc e-con-full e-grid e-con e-child\" data-id=\"299dfcc\" data-element_type=\"container\" id=\"Kalendari_linedesk\">\n\t\t<div class=\"elementor-element elementor-element-51fcfc9 e-con-full e-flex e-con e-child\" data-id=\"51fcfc9\" data-element_type=\"container\">\n\t\t\t\t<div class=\"elementor-element elementor-element-f1353a8 elementor-widget elementor-widget-image\" data-id=\"f1353a8\" data-element_type=\"widget\" data-settings=\"{&quot;ekit_we_effect_on&quot;:&quot;none&quot;}\" data-widget_type=\"image.default\">\n\t\t\t\t<div class=\"elementor-widget-container\">\n\t\t\t\t\t\t\t\t\t\t\t\t\t\t\t<img decoding=\"async\" width=\"1024\" height=\"640\" src=\"https:\/\/line-desk.com\/wp-content\/uploads\/2025\/01\/Tiketa-kalendar-1024x640.jpg\" class=\"attachment-large size-large wp-image-22739\" alt=\"\" srcset=\"https:\/\/line-desk.com\/wp-content\/uploads\/2025\/01\/Tiketa-kalendar-1024x640.jpg 1024w, https:\/\/line-desk.com\/wp-content\/uploads\/2025\/01\/Tiketa-kalendar-300x188.jpg 300w, https:\/\/line-desk.com\/wp-content\/uploads\/2025\/01\/Tiketa-kalendar-768x480.jpg 768w, https:\/\/line-desk.com\/wp-content\/uploads\/2025\/01\/Tiketa-kalendar-1536x960.jpg 1536w, https:\/\/line-desk.com\/wp-content\/uploads\/2025\/01\/Tiketa-kalendar-2048x1280.jpg 2048w, https:\/\/line-desk.com\/wp-content\/uploads\/2025\/01\/Tiketa-kalendar-710x444.jpg 710w, https:\/\/line-desk.com\/wp-content\/uploads\/2025\/01\/Tiketa-kalendar-600x375.jpg 600w\" sizes=\"(max-width: 1024px) 100vw, 1024px\" \/>\t\t\t\t\t\t\t\t\t\t\t\t\t\t\t<\/div>\n\t\t\t\t<\/div>\n\t\t\t\t<\/div>\n\t\t<div class=\"elementor-element elementor-element-ec8586f e-con-full e-flex e-con e-child\" data-id=\"ec8586f\" data-element_type=\"container\">\n\t\t<div class=\"elementor-element elementor-element-7f2cab0 e-con-full e-flex e-con e-child\" data-id=\"7f2cab0\" data-element_type=\"container\">\n\t\t<div class=\"elementor-element elementor-element-4d01604 e-con-full e-flex e-con e-child\" data-id=\"4d01604\" data-element_type=\"container\">\n\t\t\t\t<div class=\"elementor-element elementor-element-7fa3009 elementor-widget elementor-widget-heading\" data-id=\"7fa3009\" data-element_type=\"widget\" data-settings=\"{&quot;ekit_we_effect_on&quot;:&quot;none&quot;}\" data-widget_type=\"heading.default\">\n\t\t\t\t<div class=\"elementor-widget-container\">\n\t\t\t\t\t<h3 class=\"elementor-heading-title elementor-size-default\">Ticket Calendar\n<\/h3>\t\t\t\t<\/div>\n\t\t\t\t<\/div>\n\t\t\t\t<\/div>\n\t\t<div class=\"elementor-element elementor-element-097d9a7 e-con-full e-flex e-con e-child\" data-id=\"097d9a7\" data-element_type=\"container\">\n\t\t\t\t<div class=\"elementor-element elementor-element-b8a9c39 elementor-widget elementor-widget-text-editor\" data-id=\"b8a9c39\" data-element_type=\"widget\" data-settings=\"{&quot;ekit_we_effect_on&quot;:&quot;none&quot;}\" data-widget_type=\"text-editor.default\">\n\t\t\t\t<div class=\"elementor-widget-container\">\n\t\t\t\t\t\t\t\t\t<p><strong>Ticket Calendar<\/strong> Helps organize and track requests in real-time. You can view deadlines, statuses, and assignees for each ticket, making task management easier.<\/p>\t\t\t\t\t\t\t\t<\/div>\n\t\t\t\t<\/div>\n\t\t\t\t<\/div>\n\t\t\t\t<\/div>\n\t\t\t\t<\/div>\n\t\t\t\t<\/div>\n\t\t\t\t\t<\/div>\n\t\t\t\t<\/div>\n\t\t<div class=\"elementor-element elementor-element-40958da e-grid e-con-boxed e-con e-parent\" data-id=\"40958da\" data-element_type=\"container\">\n\t\t\t\t\t<div class=\"e-con-inner\">\n\t\t<div class=\"elementor-element elementor-element-95df6cf e-con-full e-grid e-con e-child\" data-id=\"95df6cf\" data-element_type=\"container\" id=\"Qendra_linedesk\">\n\t\t<div class=\"elementor-element elementor-element-93a43ab e-con-full e-flex e-con e-child\" data-id=\"93a43ab\" data-element_type=\"container\">\n\t\t<div class=\"elementor-element elementor-element-f474467 e-con-full e-flex e-con e-child\" data-id=\"f474467\" data-element_type=\"container\">\n\t\t\t\t<div class=\"elementor-element elementor-element-7f4134f elementor-widget elementor-widget-heading\" data-id=\"7f4134f\" data-element_type=\"widget\" data-settings=\"{&quot;ekit_we_effect_on&quot;:&quot;none&quot;}\" data-widget_type=\"heading.default\">\n\t\t\t\t<div class=\"elementor-widget-container\">\n\t\t\t\t\t<h3 class=\"elementor-heading-title elementor-size-default\">Call Center<\/h3>\t\t\t\t<\/div>\n\t\t\t\t<\/div>\n\t\t\t\t<\/div>\n\t\t<div class=\"elementor-element elementor-element-62bd680 e-con-full e-flex e-con e-child\" data-id=\"62bd680\" data-element_type=\"container\">\n\t\t\t\t<div class=\"elementor-element elementor-element-42fd16a elementor-widget elementor-widget-text-editor\" data-id=\"42fd16a\" data-element_type=\"widget\" data-settings=\"{&quot;ekit_we_effect_on&quot;:&quot;none&quot;}\" data-widget_type=\"text-editor.default\">\n\t\t\t\t<div class=\"elementor-widget-container\">\n\t\t\t\t\t\t\t\t\t<p><strong>Call Center<\/strong> It is designed to manage and log phone communications. It helps improve collaboration and speed up responses to requests.<\/p>\t\t\t\t\t\t\t\t<\/div>\n\t\t\t\t<\/div>\n\t\t\t\t<\/div>\n\t\t\t\t<\/div>\n\t\t<div class=\"elementor-element elementor-element-d95158c e-con-full e-flex e-con e-child\" data-id=\"d95158c\" data-element_type=\"container\">\n\t\t\t\t<div class=\"elementor-element elementor-element-698f294 elementor-widget elementor-widget-image\" data-id=\"698f294\" data-element_type=\"widget\" data-settings=\"{&quot;ekit_we_effect_on&quot;:&quot;none&quot;}\" data-widget_type=\"image.default\">\n\t\t\t\t<div class=\"elementor-widget-container\">\n\t\t\t\t\t\t\t\t\t\t\t\t\t\t\t<img loading=\"lazy\" decoding=\"async\" width=\"1024\" height=\"640\" src=\"https:\/\/line-desk.com\/wp-content\/uploads\/2025\/01\/ttt-1024x640.jpg\" class=\"attachment-large size-large wp-image-22782\" alt=\"\" srcset=\"https:\/\/line-desk.com\/wp-content\/uploads\/2025\/01\/ttt-1024x640.jpg 1024w, https:\/\/line-desk.com\/wp-content\/uploads\/2025\/01\/ttt-300x188.jpg 300w, https:\/\/line-desk.com\/wp-content\/uploads\/2025\/01\/ttt-768x480.jpg 768w, https:\/\/line-desk.com\/wp-content\/uploads\/2025\/01\/ttt-1536x960.jpg 1536w, https:\/\/line-desk.com\/wp-content\/uploads\/2025\/01\/ttt-2048x1280.jpg 2048w, https:\/\/line-desk.com\/wp-content\/uploads\/2025\/01\/ttt-710x444.jpg 710w, https:\/\/line-desk.com\/wp-content\/uploads\/2025\/01\/ttt-600x375.jpg 600w\" sizes=\"(max-width: 1024px) 100vw, 1024px\" \/>\t\t\t\t\t\t\t\t\t\t\t\t\t\t\t<\/div>\n\t\t\t\t<\/div>\n\t\t\t\t<\/div>\n\t\t\t\t<\/div>\n\t\t\t\t\t<\/div>\n\t\t\t\t<\/div>\n\t\t<div class=\"elementor-element elementor-element-313a796 e-grid e-con-boxed e-con e-parent\" data-id=\"313a796\" data-element_type=\"container\">\n\t\t\t\t\t<div class=\"e-con-inner\">\n\t\t<div class=\"elementor-element elementor-element-10e5b9c e-con-full e-grid e-con e-child\" data-id=\"10e5b9c\" data-element_type=\"container\" id=\"Asetet_linedesk\">\n\t\t<div class=\"elementor-element elementor-element-955ca01 e-con-full e-flex e-con e-child\" data-id=\"955ca01\" data-element_type=\"container\">\n\t\t\t\t<div class=\"elementor-element elementor-element-b9520df elementor-widget elementor-widget-image\" data-id=\"b9520df\" data-element_type=\"widget\" data-settings=\"{&quot;ekit_we_effect_on&quot;:&quot;none&quot;}\" data-widget_type=\"image.default\">\n\t\t\t\t<div class=\"elementor-widget-container\">\n\t\t\t\t\t\t\t\t\t\t\t\t\t\t\t<img loading=\"lazy\" decoding=\"async\" width=\"1024\" height=\"640\" src=\"https:\/\/line-desk.com\/wp-content\/uploads\/2025\/01\/Asetet-1-1024x640.jpg\" class=\"attachment-large size-large wp-image-22742\" alt=\"\" srcset=\"https:\/\/line-desk.com\/wp-content\/uploads\/2025\/01\/Asetet-1-1024x640.jpg 1024w, https:\/\/line-desk.com\/wp-content\/uploads\/2025\/01\/Asetet-1-300x188.jpg 300w, https:\/\/line-desk.com\/wp-content\/uploads\/2025\/01\/Asetet-1-768x480.jpg 768w, https:\/\/line-desk.com\/wp-content\/uploads\/2025\/01\/Asetet-1-1536x960.jpg 1536w, https:\/\/line-desk.com\/wp-content\/uploads\/2025\/01\/Asetet-1-2048x1280.jpg 2048w, https:\/\/line-desk.com\/wp-content\/uploads\/2025\/01\/Asetet-1-710x444.jpg 710w, https:\/\/line-desk.com\/wp-content\/uploads\/2025\/01\/Asetet-1-600x375.jpg 600w\" sizes=\"(max-width: 1024px) 100vw, 1024px\" \/>\t\t\t\t\t\t\t\t\t\t\t\t\t\t\t<\/div>\n\t\t\t\t<\/div>\n\t\t\t\t<\/div>\n\t\t<div class=\"elementor-element elementor-element-2e43721 e-con-full e-flex e-con e-child\" data-id=\"2e43721\" data-element_type=\"container\">\n\t\t<div class=\"elementor-element elementor-element-688b458 e-con-full e-flex e-con e-child\" data-id=\"688b458\" data-element_type=\"container\">\n\t\t\t\t<div class=\"elementor-element elementor-element-3dcba80 elementor-widget elementor-widget-heading\" data-id=\"3dcba80\" data-element_type=\"widget\" data-settings=\"{&quot;ekit_we_effect_on&quot;:&quot;none&quot;}\" data-widget_type=\"heading.default\">\n\t\t\t\t<div class=\"elementor-widget-container\">\n\t\t\t\t\t<h3 class=\"elementor-heading-title elementor-size-default\">Assets menu\n<\/h3>\t\t\t\t<\/div>\n\t\t\t\t<\/div>\n\t\t\t\t<\/div>\n\t\t<div class=\"elementor-element elementor-element-4af6ccb e-con-full e-flex e-con e-child\" data-id=\"4af6ccb\" data-element_type=\"container\">\n\t\t\t\t<div class=\"elementor-element elementor-element-d5c3ab4 elementor-widget elementor-widget-text-editor\" data-id=\"d5c3ab4\" data-element_type=\"widget\" data-settings=\"{&quot;ekit_we_effect_on&quot;:&quot;none&quot;}\" data-widget_type=\"text-editor.default\">\n\t\t\t\t<div class=\"elementor-widget-container\">\n\t\t\t\t\t\t\t\t\t<p><strong>Assets Module<\/strong> allows you to register, organize, and monitor your company's resources, including their location, category, and status, for better inventory management.<\/p>\t\t\t\t\t\t\t\t<\/div>\n\t\t\t\t<\/div>\n\t\t\t\t<\/div>\n\t\t\t\t<\/div>\n\t\t\t\t<\/div>\n\t\t\t\t\t<\/div>\n\t\t\t\t<\/div>\n\t\t<div class=\"elementor-element elementor-element-87bab65 e-grid e-con-boxed e-con e-parent\" data-id=\"87bab65\" data-element_type=\"container\">\n\t\t\t\t\t<div class=\"e-con-inner\">\n\t\t<div class=\"elementor-element elementor-element-2ec28ad e-con-full e-grid e-con e-child\" data-id=\"2ec28ad\" data-element_type=\"container\" id=\"Prokurimet_linedesk\">\n\t\t<div class=\"elementor-element elementor-element-505b85c e-con-full e-flex e-con e-child\" data-id=\"505b85c\" data-element_type=\"container\">\n\t\t<div class=\"elementor-element elementor-element-0e9b2e5 e-con-full e-flex e-con e-child\" data-id=\"0e9b2e5\" data-element_type=\"container\">\n\t\t\t\t<div class=\"elementor-element elementor-element-c362d5b elementor-widget elementor-widget-heading\" data-id=\"c362d5b\" data-element_type=\"widget\" data-settings=\"{&quot;ekit_we_effect_on&quot;:&quot;none&quot;}\" data-widget_type=\"heading.default\">\n\t\t\t\t<div class=\"elementor-widget-container\">\n\t\t\t\t\t<h3 class=\"elementor-heading-title elementor-size-default\">Procurement<\/h3>\t\t\t\t<\/div>\n\t\t\t\t<\/div>\n\t\t\t\t<\/div>\n\t\t<div class=\"elementor-element elementor-element-ec8686f e-con-full e-flex e-con e-child\" data-id=\"ec8686f\" data-element_type=\"container\">\n\t\t\t\t<div class=\"elementor-element elementor-element-296c560 elementor-widget elementor-widget-text-editor\" data-id=\"296c560\" data-element_type=\"widget\" data-settings=\"{&quot;ekit_we_effect_on&quot;:&quot;none&quot;}\" data-widget_type=\"text-editor.default\">\n\t\t\t\t<div class=\"elementor-widget-container\">\n\t\t\t\t\t\t\t\t\t<p><strong>Procurement Module<\/strong> helps manage suppliers, purchase requests, and the approval process. It ensures transparency and control over the company's supply sources.<\/p>\t\t\t\t\t\t\t\t<\/div>\n\t\t\t\t<\/div>\n\t\t\t\t<\/div>\n\t\t\t\t<\/div>\n\t\t<div class=\"elementor-element elementor-element-fb0af2a e-con-full e-flex e-con e-child\" data-id=\"fb0af2a\" data-element_type=\"container\">\n\t\t\t\t<div class=\"elementor-element elementor-element-4c05213 elementor-widget elementor-widget-image\" data-id=\"4c05213\" data-element_type=\"widget\" data-settings=\"{&quot;ekit_we_effect_on&quot;:&quot;none&quot;}\" data-widget_type=\"image.default\">\n\t\t\t\t<div class=\"elementor-widget-container\">\n\t\t\t\t\t\t\t\t\t\t\t\t\t\t\t<img loading=\"lazy\" decoding=\"async\" width=\"1024\" height=\"640\" src=\"https:\/\/line-desk.com\/wp-content\/uploads\/2025\/01\/Prokurimet-1-1024x640.jpg\" class=\"attachment-large size-large wp-image-22744\" alt=\"\" srcset=\"https:\/\/line-desk.com\/wp-content\/uploads\/2025\/01\/Prokurimet-1-1024x640.jpg 1024w, https:\/\/line-desk.com\/wp-content\/uploads\/2025\/01\/Prokurimet-1-300x188.jpg 300w, https:\/\/line-desk.com\/wp-content\/uploads\/2025\/01\/Prokurimet-1-768x480.jpg 768w, https:\/\/line-desk.com\/wp-content\/uploads\/2025\/01\/Prokurimet-1-1536x960.jpg 1536w, https:\/\/line-desk.com\/wp-content\/uploads\/2025\/01\/Prokurimet-1-2048x1280.jpg 2048w, https:\/\/line-desk.com\/wp-content\/uploads\/2025\/01\/Prokurimet-1-710x444.jpg 710w, https:\/\/line-desk.com\/wp-content\/uploads\/2025\/01\/Prokurimet-1-600x375.jpg 600w\" sizes=\"(max-width: 1024px) 100vw, 1024px\" \/>\t\t\t\t\t\t\t\t\t\t\t\t\t\t\t<\/div>\n\t\t\t\t<\/div>\n\t\t\t\t<\/div>\n\t\t\t\t<\/div>\n\t\t\t\t\t<\/div>\n\t\t\t\t<\/div>\n\t\t<div class=\"elementor-element elementor-element-23b5897 e-grid e-con-boxed e-con e-parent\" data-id=\"23b5897\" data-element_type=\"container\">\n\t\t\t\t\t<div class=\"e-con-inner\">\n\t\t<div class=\"elementor-element elementor-element-c67c5b1 e-con-full e-grid e-con e-child\" data-id=\"c67c5b1\" data-element_type=\"container\" id=\"Raportet_linedesk\">\n\t\t<div class=\"elementor-element elementor-element-59e305a e-con-full e-flex e-con e-child\" data-id=\"59e305a\" data-element_type=\"container\">\n\t\t\t\t<div class=\"elementor-element elementor-element-ed7d9c2 elementor-widget elementor-widget-image\" data-id=\"ed7d9c2\" data-element_type=\"widget\" data-settings=\"{&quot;ekit_we_effect_on&quot;:&quot;none&quot;}\" data-widget_type=\"image.default\">\n\t\t\t\t<div class=\"elementor-widget-container\">\n\t\t\t\t\t\t\t\t\t\t\t\t\t\t\t<img loading=\"lazy\" decoding=\"async\" width=\"1024\" height=\"640\" src=\"https:\/\/line-desk.com\/wp-content\/uploads\/2025\/01\/Raportete-1024x640.jpg\" class=\"attachment-large size-large wp-image-22746\" alt=\"\" srcset=\"https:\/\/line-desk.com\/wp-content\/uploads\/2025\/01\/Raportete-1024x640.jpg 1024w, https:\/\/line-desk.com\/wp-content\/uploads\/2025\/01\/Raportete-300x188.jpg 300w, https:\/\/line-desk.com\/wp-content\/uploads\/2025\/01\/Raportete-768x480.jpg 768w, https:\/\/line-desk.com\/wp-content\/uploads\/2025\/01\/Raportete-1536x960.jpg 1536w, https:\/\/line-desk.com\/wp-content\/uploads\/2025\/01\/Raportete-2048x1280.jpg 2048w, https:\/\/line-desk.com\/wp-content\/uploads\/2025\/01\/Raportete-710x444.jpg 710w, https:\/\/line-desk.com\/wp-content\/uploads\/2025\/01\/Raportete-600x375.jpg 600w\" sizes=\"(max-width: 1024px) 100vw, 1024px\" \/>\t\t\t\t\t\t\t\t\t\t\t\t\t\t\t<\/div>\n\t\t\t\t<\/div>\n\t\t\t\t<\/div>\n\t\t<div class=\"elementor-element elementor-element-ec196c1 e-con-full e-flex e-con e-child\" data-id=\"ec196c1\" data-element_type=\"container\">\n\t\t<div class=\"elementor-element elementor-element-480503d e-con-full e-flex e-con e-child\" data-id=\"480503d\" data-element_type=\"container\">\n\t\t\t\t<div class=\"elementor-element elementor-element-8315c35 elementor-widget elementor-widget-heading\" data-id=\"8315c35\" data-element_type=\"widget\" data-settings=\"{&quot;ekit_we_effect_on&quot;:&quot;none&quot;}\" data-widget_type=\"heading.default\">\n\t\t\t\t<div class=\"elementor-widget-container\">\n\t\t\t\t\t<h3 class=\"elementor-heading-title elementor-size-default\">Reports<\/h3>\t\t\t\t<\/div>\n\t\t\t\t<\/div>\n\t\t\t\t<\/div>\n\t\t<div class=\"elementor-element elementor-element-2987b48 e-con-full e-flex e-con e-child\" data-id=\"2987b48\" data-element_type=\"container\">\n\t\t\t\t<div class=\"elementor-element elementor-element-a1c0fe1 elementor-widget elementor-widget-text-editor\" data-id=\"a1c0fe1\" data-element_type=\"widget\" data-settings=\"{&quot;ekit_we_effect_on&quot;:&quot;none&quot;}\" data-widget_type=\"text-editor.default\">\n\t\t\t\t<div class=\"elementor-widget-container\">\n\t\t\t\t\t\t\t\t\t<p><strong>Reports Module<\/strong> provides advanced tools for data analysis and visualization. You can create reports on tickets, assets, and procurements to identify trends and improve processes.<\/p>\t\t\t\t\t\t\t\t<\/div>\n\t\t\t\t<\/div>\n\t\t\t\t<\/div>\n\t\t\t\t<\/div>\n\t\t\t\t<\/div>\n\t\t\t\t\t<\/div>\n\t\t\t\t<\/div>\n\t\t\t\t<\/div>","protected":false},"excerpt":{"rendered":"<p>Paneli Paneli qendror i LineDesk ofron nj\u00eb pasqyr\u00eb t\u00eb plot\u00eb t\u00eb statusit t\u00eb detyrave dhe aktiviteteve tuaja. Ai ju mund\u00ebson t\u00eb monitoroni tiketat, asetet dhe raportet n\u00eb koh\u00eb reale, duke p\u00ebrmir\u00ebsuar menaxhimin e p\u00ebrditsh\u00ebm. Tiketat Moduli i Tiketave ju lejon t\u00eb krijoni, menaxhoni dhe monitoroni k\u00ebrkesat ose incidentet. P\u00ebrcaktoni kategori, prioritete dhe status p\u00ebr \u00e7do [&hellip;]<\/p>","protected":false},"author":1,"featured_media":0,"parent":0,"menu_order":0,"comment_status":"closed","ping_status":"closed","template":"","meta":{"footnotes":""},"class_list":["post-22034","page","type-page","status-publish","hentry"],"_links":{"self":[{"href":"https:\/\/line-desk.com\/en\/wp-json\/wp\/v2\/pages\/22034","targetHints":{"allow":["GET"]}}],"collection":[{"href":"https:\/\/line-desk.com\/en\/wp-json\/wp\/v2\/pages"}],"about":[{"href":"https:\/\/line-desk.com\/en\/wp-json\/wp\/v2\/types\/page"}],"author":[{"embeddable":true,"href":"https:\/\/line-desk.com\/en\/wp-json\/wp\/v2\/users\/1"}],"replies":[{"embeddable":true,"href":"https:\/\/line-desk.com\/en\/wp-json\/wp\/v2\/comments?post=22034"}],"version-history":[{"count":0,"href":"https:\/\/line-desk.com\/en\/wp-json\/wp\/v2\/pages\/22034\/revisions"}],"wp:attachment":[{"href":"https:\/\/line-desk.com\/en\/wp-json\/wp\/v2\/media?parent=22034"}],"curies":[{"name":"wp","href":"https:\/\/api.w.org\/{rel}","templated":true}]}}